{"id":212,"date":"2025-12-04T22:42:04","date_gmt":"2025-12-04T21:42:04","guid":{"rendered":"https:\/\/studio.wiktoriasteciow.pl\/?page_id=212"},"modified":"2025-12-04T22:57:26","modified_gmt":"2025-12-04T21:57:26","slug":"kontakt","status":"publish","type":"page","link":"https:\/\/studio.wiktoriasteciow.pl\/?page_id=212","title":{"rendered":"Kontakt"},"content":{"rendered":"<h2>Kontakt<\/h2>\n<form id=\"wpforms-form-162\" data-formid=\"162\" method=\"post\" enctype=\"multipart\/form-data\" action=\"\/wp-admin\/admin-ajax.php\" data-token=\"848d6a4c4c9f8d104f6a1d75e9e8a624\" data-token-time=\"1764884845\"><noscript>Aby wype\u0142ni\u0107 ten formularz, w\u0142\u0105cz obs\u0142ug\u0119 JavaScript w przegl\u0105darce.<\/noscript>Aby wype\u0142ni\u0107 ten formularz, w\u0142\u0105cz obs\u0142ug\u0119 JavaScript w przegl\u0105darce.<\/p>\n<fieldset>\n<legend>Imi\u0119 i nazwisko *<\/legend>\n<p><input type=\"text\" id=\"wpforms-162-field_1\" name=\"wpforms[fields][1][first]\" placeholder=\"Imi\u0119\" aria-errormessage=\"wpforms-162-field_1-error\" required><label for=\"wpforms-162-field_1\">Pierwszy<\/label><input type=\"text\" id=\"wpforms-162-field_1-last\" name=\"wpforms[fields][1][last]\" placeholder=\"Nazwisko\" aria-errormessage=\"wpforms-162-field_1-last-error\" required><label for=\"wpforms-162-field_1-last\">Ostatni<\/label><\/fieldset>\n<p><label for=\"wpforms-162-field_2\">Adres e-mail *<\/label><input type=\"email\" id=\"wpforms-162-field_2\" name=\"wpforms[fields][2]\" placeholder=\"Adres e-mail\" spellcheck=\"false\" aria-errormessage=\"wpforms-162-field_2-error\" required><label for=\"wpforms-162-field_3\">Telefon *<\/label><br \/>\n\t\t\t\t<input type=\"text\" placeholder=\"Numer telefonu\" value=\"\" readonly><br \/>\n\t\t\t<label for=\"wpforms-162-field_7\">Czym zajmuje si\u0119\u00a0twoja firma? *<\/label><input type=\"text\" id=\"wpforms-162-field_7\" name=\"wpforms[fields][7]\" placeholder=\"Tre\u015b\u0107\" aria-errormessage=\"wpforms-162-field_7-error\" required><label for=\"wpforms-162-field_6\">Jaki jest Tw\u00f3j wymarzony wygl\u0105d strony internetowej?  *<\/label><textarea id=\"wpforms-162-field_6\" name=\"wpforms[fields][6]\" placeholder=\"Tre\u015b\u0107\" aria-errormessage=\"wpforms-162-field_6-error\" required><\/textarea><!-- .wpforms-field-container --><input type=\"hidden\" name=\"wpforms[id]\" value=\"162\">\t\t\t<input\n\t\t\t\ttype=\"hidden\"\n\t\t\t\tname=\"wpforms[nonce]\"\n\t\t\t\tvalue=\"c2fd50758e\"\n\t\t\t\/><br \/>\n\t\t\t<input type=\"hidden\" name=\"page_title\" value=\"{page_title}\"><input type=\"hidden\" name=\"page_url\" value=\"http:\/\/page_url\"><input type=\"hidden\" name=\"url_referer\" value=\"http:\/\/url_referer\"><button type=\"submit\" name=\"wpforms[submit]\" id=\"wpforms-submit-162\" data-alt-text=\"Wysy\u0142anie...\" data-submit-text=\"Prze\u015blij\" aria-live=\"assertive\" value=\"wpforms-submit\">Prze\u015blij<\/button><img decoding=\"async\" src=\"https:\/\/studio.wiktoriasteciow.pl\/wp-content\/plugins\/wpforms\/assets\/images\/submit-spin.svg\" style=\"display: none;\" width=\"26\" height=\"26\" alt=\"Wczytywanie\"><\/form>\n<p>  <!-- .wpforms-container --><\/p>\n","protected":false},"excerpt":{"rendered":"<p>Kontakt Aby wype\u0142ni\u0107 ten formularz, w\u0142\u0105cz obs\u0142ug\u0119 JavaScript w przegl\u0105darce.Aby wype\u0142ni\u0107 ten formularz, w\u0142\u0105cz obs\u0142ug\u0119 JavaScript w przegl\u0105darce. Imi\u0119 i [&hellip;]<\/p>\n","protected":false},"author":1,"featured_media":0,"parent":0,"menu_order":0,"comment_status":"closed","ping_status":"closed","template":"","meta":{"_eb_attr":"","site-sidebar-layout":"no-sidebar","site-content-layout":"","ast-site-content-layout":"full-width-container","site-content-style":"default","site-sidebar-style":"default","ast-global-header-display":"","ast-banner-title-visibility":"","ast-main-header-display":"","ast-hfb-above-header-display":"","ast-hfb-below-header-display":"","ast-hfb-mobile-header-display":"","site-post-title":"disabled","ast-breadcrumbs-content":"","ast-featured-img":"disabled","footer-sml-layout":"","theme-transparent-header-meta":"","adv-header-id-meta":"","stick-header-meta":"","header-above-stick-meta":"","header-main-stick-meta":"","header-below-stick-meta":"","astra-migrate-meta-layouts":"default","ast-page-background-enabled":"default","ast-page-background-meta":{"desktop":{"background-color":"var(--ast-global-color-5)","background-image":"","background-repeat":"repeat","background-position":"center center","background-size":"auto","background-attachment":"scroll","background-type":"","background-media":"","overlay-type":"","overlay-color":"","overlay-opacity":"","overlay-gradient":""},"tablet":{"background-color":"","background-image":"","background-repeat":"repeat","background-position":"center center","background-size":"auto","background-attachment":"scroll","background-type":"","background-media":"","overlay-type":"","overlay-color":"","overlay-opacity":"","overlay-gradient":""},"mobile":{"background-color":"","background-image":"","background-repeat":"repeat","background-position":"center center","background-size":"auto","background-attachment":"scroll","background-type":"","background-media":"","overlay-type":"","overlay-color":"","overlay-opacity":"","overlay-gradient":""}},"ast-content-background-meta":{"desktop":{"background-color":"var(--ast-global-color-4)","background-image":"","background-repeat":"repeat","background-position":"center center","background-size":"auto","background-attachment":"scroll","background-type":"","background-media":"","overlay-type":"","overlay-color":"","overlay-opacity":"","overlay-gradient":""},"tablet":{"background-color":"var(--ast-global-color-4)","background-image":"","background-repeat":"repeat","background-position":"center center","background-size":"auto","background-attachment":"scroll","background-type":"","background-media":"","overlay-type":"","overlay-color":"","overlay-opacity":"","overlay-gradient":""},"mobile":{"background-color":"var(--ast-global-color-4)","background-image":"","background-repeat":"repeat","background-position":"center center","background-size":"auto","background-attachment":"scroll","background-type":"","background-media":"","overlay-type":"","overlay-color":"","overlay-opacity":"","overlay-gradient":""}},"footnotes":""},"class_list":["post-212","page","type-page","status-publish","hentry"],"_links":{"self":[{"href":"https:\/\/studio.wiktoriasteciow.pl\/index.php?rest_route=\/wp\/v2\/pages\/212","targetHints":{"allow":["GET"]}}],"collection":[{"href":"https:\/\/studio.wiktoriasteciow.pl\/index.php?rest_route=\/wp\/v2\/pages"}],"about":[{"href":"https:\/\/studio.wiktoriasteciow.pl\/index.php?rest_route=\/wp\/v2\/types\/page"}],"author":[{"embeddable":true,"href":"https:\/\/studio.wiktoriasteciow.pl\/index.php?rest_route=\/wp\/v2\/users\/1"}],"replies":[{"embeddable":true,"href":"https:\/\/studio.wiktoriasteciow.pl\/index.php?rest_route=%2Fwp%2Fv2%2Fcomments&post=212"}],"version-history":[{"count":7,"href":"https:\/\/studio.wiktoriasteciow.pl\/index.php?rest_route=\/wp\/v2\/pages\/212\/revisions"}],"predecessor-version":[{"id":224,"href":"https:\/\/studio.wiktoriasteciow.pl\/index.php?rest_route=\/wp\/v2\/pages\/212\/revisions\/224"}],"wp:attachment":[{"href":"https:\/\/studio.wiktoriasteciow.pl\/index.php?rest_route=%2Fwp%2Fv2%2Fmedia&parent=212"}],"curies":[{"name":"wp","href":"https:\/\/api.w.org\/{rel}","templated":true}]}}